{"id":2654,"date":"2022-07-24T23:23:05","date_gmt":"2022-07-24T21:23:05","guid":{"rendered":"https:\/\/admin.vardemuseerne.dk\/naturkulturvarde\/?page_id=2654"},"modified":"2024-10-09T13:03:36","modified_gmt":"2024-10-09T11:03:36","slug":"datenschutz-bestimmungen","status":"publish","type":"page","link":"https:\/\/naturkulturvarde.dk\/de\/datenschutz-bestimmungen\/","title":{"rendered":"Datenschutz-Bestimmungen"},"content":{"rendered":"<div id=\"pl-2654\"  class=\"panel-layout\" ><div id=\"pg-2654-0\"  class=\"panel-grid panel-no-style\" ><div id=\"pgc-2654-0-0\"  class=\"panel-grid-cell\" ><div id=\"panel-2654-0-0-0\" class=\"so-panel widget widget_mtt-cover panel-first-child panel-last-child\" data-index=\"0\" ><div\n\t\t\t\n\t\t\tclass=\"so-widget-mtt-cover so-widget-mtt-cover-base\"\n\t\t\t\n\t\t><div class=\"mtt-cover mtt-cover--sub\">\n  <div class=\"mtt-cover__image-container\">\n    <div class=\"mtt-cover__image-container--image overlay\">\n        <div class=\"mtt-image-video-block normal\">\n            <div class=\"mtt-image object-fit\">\n            <picture fetchpriority=\"auto\">\n                                            <img decoding=\"async\" src=\"https:\/\/naturkulturvarde.dk\/wp-content\/uploads\/sites\/5\/2024\/10\/Naturparken-top-1600x600-1.jpg\" alt=\"Naturparken-top-1600&#215;600\" fetchpriority=\"auto\">\n            <\/picture>\n        <\/div>\n        <\/div>\n    <\/div>\n  <\/div>\n      <div class=\"mtt-cover__text-container cover_page_container\">\n    <div class=\"mtt-cover__text-wrap\">\n                          <div class=\"mtt-cover__title\">\n            <h1>Datenschutzerkl\u00e4rung<\/h1>\n          <\/div>\n                          <div class=\"mtt-cover__text\">\n              Auf dieser Seite k\u00f6nnen Sie mehr \u00fcber unsere Datenschutz- und Cookie-Richtlinie erfahren.          <\/div>\n                    <\/div>\n        <\/div>\n  <div class=\"mtt-cover__svg\">\n        <\/div>\n<\/div><\/div><\/div><\/div><\/div><div id=\"pg-2654-1\"  class=\"panel-grid panel-no-style\" ><div id=\"pgc-2654-1-0\"  class=\"panel-grid-cell\" ><div id=\"panel-2654-1-0-0\" class=\"so-panel widget widget_mtt-text panel-first-child\" data-index=\"1\" ><div\n\t\t\t\n\t\t\tclass=\"so-widget-mtt-text so-widget-mtt-text-base\"\n\t\t\t\n\t\t>\n<div class=\"mtt-text\">\n  <div class=\"mtt-text__inner page_container\">\n    <div class=\"styled-text\">\n        <h2>Personenbezogene Daten<\/h2>\n<p>Personenbezogene Daten sind alle Arten von Informationen, die in gewissem Ma\u00dfe auf Sie zur\u00fcckgef\u00fchrt werden k\u00f6nnen. Wenn Sie unsere Website nutzen, sammeln und verarbeiten wir solche Informationen.<\/p>\n<p>Sollten Sie uns \u00fcber das Kontaktformular kontaktieren, speichern wir diese Daten f\u00fcr 60 Tage. Sie haben jederzeit die M\u00f6glichkeit, diese Daten l\u00f6schen zu lassen, indem Sie uns kontaktieren.<\/p>\n    <\/div>\n  <\/div>\n<\/div>\n\n\n<\/div><\/div><div id=\"panel-2654-1-0-1\" class=\"so-panel widget widget_mtt-text panel-last-child\" data-index=\"2\" ><div\n\t\t\t\n\t\t\tclass=\"so-widget-mtt-text so-widget-mtt-text-base\"\n\t\t\t\n\t\t>\n<div class=\"mtt-text\">\n  <div class=\"mtt-text__inner page_container\">\n    <div class=\"styled-text\">\n        <script id=\"CookieDeclaration\"data-culture=\"de\" src=\"https:\/\/consent.cookiebot.com\/f4085cbe-77b6-4430-a10e-e71a9b634ab8\/cd.js\" type=\"text\/javascript\" async><\/script>    <\/div>\n  <\/div>\n<\/div>\n\n\n<\/div><\/div><\/div><\/div><\/div>","protected":false},"excerpt":{"rendered":"<p>Datenschutzerkl\u00e4rung Auf dieser Seite k\u00f6nnen Sie mehr \u00fcber unsere Datenschutz- und Cookie-Richtlinie erfahren. Personenbezogene Daten Personenbezogene Daten sind alle Arten von Informationen, die in gewissem Ma\u00dfe auf Sie zur\u00fcckgef\u00fchrt werden k\u00f6nnen. Wenn Sie unsere Website nutzen, sammeln und verarbeiten wir solche Informationen. Sollten Sie uns \u00fcber das Kontaktformular kontaktieren, speichern wir diese Daten f\u00fcr 60 [&hellip;]<\/p>\n","protected":false},"author":14,"featured_media":0,"parent":0,"menu_order":0,"comment_status":"closed","ping_status":"closed","template":"","meta":{"_acf_changed":false,"inline_featured_image":false,"footnotes":""},"class_list":["post-2654","page","type-page","status-publish","hentry"],"acf":[],"yoast_head":"<!-- This site is optimized with the Yoast SEO plugin v27.1 - https:\/\/yoast.com\/product\/yoast-seo-wordpress\/ -->\n<title>Datenschutz-Bestimmungen - NaturKulturVarde<\/title>\n<meta name=\"description\" content=\"Bei NaturKulturVarde legen wir gro\u00dfen Wert darauf, Ihre Daten sorgf\u00e4ltig zu behandeln und Ihre Privatsph\u00e4re zu sch\u00fctzen\" \/>\n<meta name=\"robots\" content=\"index, follow, max-snippet:-1, max-image-preview:large, max-video-preview:-1\" \/>\n<link rel=\"canonical\" href=\"https:\/\/naturkulturvarde.dk\/de\/datenschutz-bestimmungen\/\" \/>\n<meta property=\"og:locale\" content=\"de_DE\" \/>\n<meta property=\"og:type\" content=\"article\" \/>\n<meta property=\"og:title\" content=\"Datenschutz-Bestimmungen - NaturKulturVarde\" \/>\n<meta property=\"og:description\" content=\"Bei NaturKulturVarde legen wir gro\u00dfen Wert darauf, Ihre Daten sorgf\u00e4ltig zu behandeln und Ihre Privatsph\u00e4re zu sch\u00fctzen\" \/>\n<meta property=\"og:url\" content=\"https:\/\/naturkulturvarde.dk\/de\/datenschutz-bestimmungen\/\" \/>\n<meta property=\"og:site_name\" content=\"NaturKulturVarde\" \/>\n<meta property=\"article:publisher\" content=\"https:\/\/www.facebook.com\/naturkulturvarde\/\" \/>\n<meta property=\"article:modified_time\" content=\"2024-10-09T11:03:36+00:00\" \/>\n<meta name=\"twitter:card\" content=\"summary_large_image\" \/>\n<meta name=\"twitter:label1\" content=\"Gesch\u00e4tzte Lesezeit\" \/>\n\t<meta name=\"twitter:data1\" content=\"1\u00a0Minute\" \/>\n<script type=\"application\/ld+json\" class=\"yoast-schema-graph\">{\"@context\":\"https:\/\/schema.org\",\"@graph\":[{\"@type\":\"WebPage\",\"@id\":\"https:\/\/naturkulturvarde.dk\/de\/datenschutz-bestimmungen\/\",\"url\":\"https:\/\/naturkulturvarde.dk\/de\/datenschutz-bestimmungen\/\",\"name\":\"Datenschutz-Bestimmungen - NaturKulturVarde\",\"isPartOf\":{\"@id\":\"https:\/\/naturkulturvarde.dk\/#website\"},\"datePublished\":\"2022-07-24T21:23:05+00:00\",\"dateModified\":\"2024-10-09T11:03:36+00:00\",\"description\":\"Bei NaturKulturVarde legen wir gro\u00dfen Wert darauf, Ihre Daten sorgf\u00e4ltig zu behandeln und Ihre Privatsph\u00e4re zu sch\u00fctzen\",\"breadcrumb\":{\"@id\":\"https:\/\/naturkulturvarde.dk\/de\/datenschutz-bestimmungen\/#breadcrumb\"},\"inLanguage\":\"de\",\"potentialAction\":[{\"@type\":\"ReadAction\",\"target\":[\"https:\/\/naturkulturvarde.dk\/de\/datenschutz-bestimmungen\/\"]}]},{\"@type\":\"BreadcrumbList\",\"@id\":\"https:\/\/naturkulturvarde.dk\/de\/datenschutz-bestimmungen\/#breadcrumb\",\"itemListElement\":[{\"@type\":\"ListItem\",\"position\":1,\"name\":\"Hjem\",\"item\":\"https:\/\/naturkulturvarde.dk\/de\/\"},{\"@type\":\"ListItem\",\"position\":2,\"name\":\"Datenschutz-Bestimmungen\"}]},{\"@type\":\"WebSite\",\"@id\":\"https:\/\/naturkulturvarde.dk\/#website\",\"url\":\"https:\/\/naturkulturvarde.dk\/\",\"name\":\"NaturKulturVarde\",\"description\":\"Aktivitet, l\u00e6ring og oplevelse\",\"publisher\":{\"@id\":\"https:\/\/naturkulturvarde.dk\/#organization\"},\"potentialAction\":[{\"@type\":\"SearchAction\",\"target\":{\"@type\":\"EntryPoint\",\"urlTemplate\":\"https:\/\/naturkulturvarde.dk\/?s={search_term_string}\"},\"query-input\":{\"@type\":\"PropertyValueSpecification\",\"valueRequired\":true,\"valueName\":\"search_term_string\"}}],\"inLanguage\":\"de\"},{\"@type\":\"Organization\",\"@id\":\"https:\/\/naturkulturvarde.dk\/#organization\",\"name\":\"NaturKulturVarde\",\"url\":\"https:\/\/naturkulturvarde.dk\/\",\"logo\":{\"@type\":\"ImageObject\",\"inLanguage\":\"de\",\"@id\":\"https:\/\/naturkulturvarde.dk\/#\/schema\/logo\/image\/\",\"url\":\"\",\"contentUrl\":\"\",\"caption\":\"NaturKulturVarde\"},\"image\":{\"@id\":\"https:\/\/naturkulturvarde.dk\/#\/schema\/logo\/image\/\"},\"sameAs\":[\"https:\/\/www.facebook.com\/naturkulturvarde\/\",\"https:\/\/www.instagram.com\/naturkulturvarde\/\",\"https:\/\/www.linkedin.com\/company\/natur-kultur-varde\/\"]}]}<\/script>\n<!-- \/ Yoast SEO plugin. -->","yoast_head_json":{"title":"Datenschutz-Bestimmungen - NaturKulturVarde","description":"Bei NaturKulturVarde legen wir gro\u00dfen Wert darauf, Ihre Daten sorgf\u00e4ltig zu behandeln und Ihre Privatsph\u00e4re zu sch\u00fctzen","robots":{"index":"index","follow":"follow","max-snippet":"max-snippet:-1","max-image-preview":"max-image-preview:large","max-video-preview":"max-video-preview:-1"},"canonical":"https:\/\/naturkulturvarde.dk\/de\/datenschutz-bestimmungen\/","og_locale":"de_DE","og_type":"article","og_title":"Datenschutz-Bestimmungen - NaturKulturVarde","og_description":"Bei NaturKulturVarde legen wir gro\u00dfen Wert darauf, Ihre Daten sorgf\u00e4ltig zu behandeln und Ihre Privatsph\u00e4re zu sch\u00fctzen","og_url":"https:\/\/naturkulturvarde.dk\/de\/datenschutz-bestimmungen\/","og_site_name":"NaturKulturVarde","article_publisher":"https:\/\/www.facebook.com\/naturkulturvarde\/","article_modified_time":"2024-10-09T11:03:36+00:00","twitter_card":"summary_large_image","twitter_misc":{"Gesch\u00e4tzte Lesezeit":"1\u00a0Minute"},"schema":{"@context":"https:\/\/schema.org","@graph":[{"@type":"WebPage","@id":"https:\/\/naturkulturvarde.dk\/de\/datenschutz-bestimmungen\/","url":"https:\/\/naturkulturvarde.dk\/de\/datenschutz-bestimmungen\/","name":"Datenschutz-Bestimmungen - NaturKulturVarde","isPartOf":{"@id":"https:\/\/naturkulturvarde.dk\/#website"},"datePublished":"2022-07-24T21:23:05+00:00","dateModified":"2024-10-09T11:03:36+00:00","description":"Bei NaturKulturVarde legen wir gro\u00dfen Wert darauf, Ihre Daten sorgf\u00e4ltig zu behandeln und Ihre Privatsph\u00e4re zu sch\u00fctzen","breadcrumb":{"@id":"https:\/\/naturkulturvarde.dk\/de\/datenschutz-bestimmungen\/#breadcrumb"},"inLanguage":"de","potentialAction":[{"@type":"ReadAction","target":["https:\/\/naturkulturvarde.dk\/de\/datenschutz-bestimmungen\/"]}]},{"@type":"BreadcrumbList","@id":"https:\/\/naturkulturvarde.dk\/de\/datenschutz-bestimmungen\/#breadcrumb","itemListElement":[{"@type":"ListItem","position":1,"name":"Hjem","item":"https:\/\/naturkulturvarde.dk\/de\/"},{"@type":"ListItem","position":2,"name":"Datenschutz-Bestimmungen"}]},{"@type":"WebSite","@id":"https:\/\/naturkulturvarde.dk\/#website","url":"https:\/\/naturkulturvarde.dk\/","name":"NaturKulturVarde","description":"Aktivitet, l\u00e6ring og oplevelse","publisher":{"@id":"https:\/\/naturkulturvarde.dk\/#organization"},"potentialAction":[{"@type":"SearchAction","target":{"@type":"EntryPoint","urlTemplate":"https:\/\/naturkulturvarde.dk\/?s={search_term_string}"},"query-input":{"@type":"PropertyValueSpecification","valueRequired":true,"valueName":"search_term_string"}}],"inLanguage":"de"},{"@type":"Organization","@id":"https:\/\/naturkulturvarde.dk\/#organization","name":"NaturKulturVarde","url":"https:\/\/naturkulturvarde.dk\/","logo":{"@type":"ImageObject","inLanguage":"de","@id":"https:\/\/naturkulturvarde.dk\/#\/schema\/logo\/image\/","url":"","contentUrl":"","caption":"NaturKulturVarde"},"image":{"@id":"https:\/\/naturkulturvarde.dk\/#\/schema\/logo\/image\/"},"sameAs":["https:\/\/www.facebook.com\/naturkulturvarde\/","https:\/\/www.instagram.com\/naturkulturvarde\/","https:\/\/www.linkedin.com\/company\/natur-kultur-varde\/"]}]}},"_links":{"self":[{"href":"https:\/\/naturkulturvarde.dk\/de\/wp-json\/wp\/v2\/pages\/2654","targetHints":{"allow":["GET"]}}],"collection":[{"href":"https:\/\/naturkulturvarde.dk\/de\/wp-json\/wp\/v2\/pages"}],"about":[{"href":"https:\/\/naturkulturvarde.dk\/de\/wp-json\/wp\/v2\/types\/page"}],"author":[{"embeddable":true,"href":"https:\/\/naturkulturvarde.dk\/de\/wp-json\/wp\/v2\/users\/14"}],"replies":[{"embeddable":true,"href":"https:\/\/naturkulturvarde.dk\/de\/wp-json\/wp\/v2\/comments?post=2654"}],"version-history":[{"count":8,"href":"https:\/\/naturkulturvarde.dk\/de\/wp-json\/wp\/v2\/pages\/2654\/revisions"}],"predecessor-version":[{"id":7074,"href":"https:\/\/naturkulturvarde.dk\/de\/wp-json\/wp\/v2\/pages\/2654\/revisions\/7074"}],"wp:attachment":[{"href":"https:\/\/naturkulturvarde.dk\/de\/wp-json\/wp\/v2\/media?parent=2654"}],"curies":[{"name":"wp","href":"https:\/\/api.w.org\/{rel}","templated":true}]}}