{"id":6206,"date":"2024-06-12T09:14:08","date_gmt":"2024-06-12T07:14:08","guid":{"rendered":"https:\/\/admin.vardemuseerne.dk\/naturkulturvarde\/langli\/"},"modified":"2024-07-11T10:05:09","modified_gmt":"2024-07-11T08:05:09","slug":"langli","status":"publish","type":"page","link":"https:\/\/naturkulturvarde.dk\/de\/langli\/","title":{"rendered":"LANGLI"},"content":{"rendered":"<div id=\"pl-6206\"  class=\"panel-layout\" ><div id=\"pg-6206-0\"  class=\"panel-grid panel-no-style\" ><div id=\"pgc-6206-0-0\"  class=\"panel-grid-cell\" ><div id=\"panel-6206-0-0-0\" class=\"so-panel widget widget_mtt-cover panel-first-child panel-last-child\" data-index=\"0\" ><div\n\t\t\t\n\t\t\tclass=\"so-widget-mtt-cover so-widget-mtt-cover-base\"\n\t\t\t\n\t\t><div class=\"mtt-cover normal\">\n        <div class=\"mtt-cover__slides swiper\">\n        <div class=\"swiper-wrapper\">\n                          <div class=\"mtt-cover__slide swiper-slide overlay\">\n                                      <div class=\"mtt-image-video-block normal\">\n            <div class=\"mtt-image object-fit\">\n            <picture fetchpriority=\"high\">\n                                            <img decoding=\"async\" src=\"https:\/\/naturkulturvarde.dk\/wp-content\/uploads\/sites\/5\/2024\/07\/DSC02894-2000x1333.jpg\" alt=\"DSC02894\" fetchpriority=\"high\">\n            <\/picture>\n        <\/div>\n        <\/div>\n              <\/div>\n                    <\/div>\n    <\/div>\n    <div class=\"mtt-cover__text-container cover_page_container\">\n        <div class=\"mtt-cover__text-wrap\">\n                        <h1 class=\"tagline\">LANGLI<\/h1>\n                                  <div class=\"mtt-cover__text title--h1\">\n                WATTWANDERUNG BEI LANGLI              <\/div>\n                    \n  <div class=\"button-section\">\n\n    \n        <a href=\"https:\/\/vardemuseerne.billetexpressen.dk\/program\/langli-die-unbewohnte-insel-im-wattenmeer\/533fdc4f-3dc9-4aa5-b484-ad876b6e8feb\" class=\"button contrast\" target=\"_blank\" rel=\"noopener noreferrer\">\n                    LANGLI \u2013 DIE UNBEWOHNTE INSEL IM WATTENMEER        <\/a>\n\n    \n        <a href=\"https:\/\/vardemuseerne.billetexpressen.dk\/program\/natursafari-die-versteckten-tiere-im-wattenmeer\/6a27a8b3-55e5-456c-808b-9234c0327bc4\" class=\"button contrast\" target=\"_blank\" rel=\"noopener noreferrer\">\n                    NATURSAFARI \u2013 DIE VERSTECKTEN TIERE IM WATTENMEER        <\/a>\n\n    \n  <\/div>\n\n        <\/div>\n    <\/div>\n    <div class=\"mtt-cover__swiper-nav page_container\">\n        <div class=\"mtt-cover__swiper-pagination-container\">\n            <div class=\"mtt-cover__swiper-pagination\">\n                                <div class=\"mtt-cover__swiper-pagination--item active\" data-id=\"1\">\n                    <p>01<\/p>\n                                      <\/div>\n                          <\/div>\n        <\/div>\n        <div class=\"mtt-cover__swiper-progress\">\n            <div class=\"progress-container\">\n                <div class=\"progress\"><\/div>\n            <\/div>\n        <\/div>\n    <\/div>\n    <div class=\"mtt-cover__svg\">\n          <\/div>\n\n    <\/div><\/div><\/div><\/div><\/div><div id=\"pg-6206-1\"  class=\"panel-grid panel-no-style\" ><div id=\"pgc-6206-1-0\"  class=\"panel-grid-cell\" ><div id=\"panel-6206-1-0-0\" class=\"so-panel widget widget_mtt-text-image panel-first-child panel-last-child\" data-index=\"1\" ><div\n\t\t\t\n\t\t\tclass=\"so-widget-mtt-text-image so-widget-mtt-text-image-base\"\n\t\t\t\n\t\t>\n<div class=\"mtt-text-image\">\n  <div class=\"mtt-text-image__inner page_container text-image\">\n    <div class=\"mtt-text-image__text-container\">\n                <h2 class=\"mtt-text-image__title\">LANGLI \u2013 DIE UNBEWOHNTE INSEL IM WATTENMEER<\/h2>        <p class=\"mtt-text-image__text\"><p>Wir wandern durch den Meeresboden nach Langli, eine Insel die jetzt als Vogelreservat funktioniert. Auf diese Tour gibt es auch die M\u00f6glichkeit Seehunde zu sehen. Salzvertragende Kr\u00e4uter und sch\u00f6ne Pflanzen, die im Watt wachsen, Schnecken und Muscheln und etwas f\u00fcr alle Sinne finden Sie bestimmt auf dieser Wanderung. Die Tour dauert 4,5 Stunden und es werden 10 km hinterlegt. Die Wanderung verl\u00e4uft durch Wasser und Watt und ist haupts\u00e4chlich f\u00fcr Erwachsene oder gr\u00f6\u00dfere Kinder geeignet. Barfu\u00df laufen funktioniert am besten, aber mit Neopren-Schuhen k\u00f6nnen Sie auch durch das Watt wandern. Bringen Sie Trinkwasser, etwas zu essen und Sandalen oder leichtes Schuhwerk mit, die Sie auf der Insel tragen k\u00f6nnen.<\/p>\n<p>Empfohlenes Alter mindestens 8 Jahre. Die Tour wird von Morten Vinding\u00a0arrangiert.<\/p>\n<\/p>                            <\/div>\n    <div class=\"mtt-text-image__image\">\n      <div class=\"mtt-text-image__image--inner\">\n                <div class=\"mtt-image-video-block normal\">\n            <div class=\"mtt-image object-fit\">\n            <picture fetchpriority=\"auto\">\n                                            <img decoding=\"async\" src=\"https:\/\/naturkulturvarde.dk\/wp-content\/uploads\/sites\/5\/2024\/05\/Langli-Vadevandring-1-1-scaled-2000x1334.jpg\" alt=\"Langli &#8211; Vadevandring (1)\" fetchpriority=\"auto\">\n            <\/picture>\n        <\/div>\n        <\/div>\n      <\/div>\n    <\/div>\n  <\/div>\n<\/div>\n\n\n<\/div><\/div><\/div><\/div><div id=\"pg-6206-2\"  class=\"panel-grid panel-no-style\" ><div id=\"pgc-6206-2-0\"  class=\"panel-grid-cell\" ><div id=\"panel-6206-2-0-0\" class=\"so-panel widget widget_mtt-text-image panel-first-child panel-last-child\" data-index=\"2\" ><div\n\t\t\t\n\t\t\tclass=\"so-widget-mtt-text-image so-widget-mtt-text-image-base\"\n\t\t\t\n\t\t>\n<div class=\"mtt-text-image\">\n  <div class=\"mtt-text-image__inner page_container image-text\">\n    <div class=\"mtt-text-image__text-container\">\n                <h2 class=\"mtt-text-image__title\">NATURSAFARI \u2013 DIE VERSTECKTEN TIERE IM WATTENMEER<\/h2>        <p class=\"mtt-text-image__text\"><p>Beschreibung: ein Familienausflug, bei dem wir mit Eimer und Schaufel ausgestattet, zusammen mit einem Naturf\u00fchrer auf Jagd nach den \"5 Kleinen\" gehen. Wir suchen Sandw\u00fcrmer, B\u00fcrstenw\u00fcrmer, Glattkrabben, Garnelen und einige gro\u00dfe Krabben. Es wird wild, lehrreich und lustig.<\/p>\n<p>Wir suchen die versteckten Tiere am Meeresgrund des Nationalparks Wattenmeer. Wir finden Sandw\u00fcrmer, Muscheln, Schnecken, Krabben und stellen fest, wie reich das Leben in der Landschaft ist, die zweimal am Tag bei Niedrigwasser trocken liegt. Genau genommen gibt es in Europa keine Naturgebiete mit der Dichte an Tieren, und was f\u00fcr welche!<\/p>\n<p>Einige \u201cgrasen\u201d, andere \u201creiben\u201d, und wusstest du, dass z.B. die Muschelschnecke ein richtiges Raubtier ist. Ein toller Ausflug f\u00fcr die ganze Familie.<\/p>\n<p>Am besten barfu\u00df oder mit Gummistiefeln.<\/p>\n<p>Ausflugsf\u00fchrung von Lena Blau auf Deutsch. Der Ausflug dauert ca. 2 Stunden.<\/p>\n<\/p>                            <\/div>\n    <div class=\"mtt-text-image__image\">\n      <div class=\"mtt-text-image__image--inner\">\n                <div class=\"mtt-image-video-block normal flipped\">\n            <div class=\"mtt-image object-fit\">\n            <picture fetchpriority=\"auto\">\n                                            <img decoding=\"async\" src=\"https:\/\/naturkulturvarde.dk\/wp-content\/uploads\/sites\/5\/2024\/07\/DSC02795-2000x1333.jpg\" alt=\"DSC02795\" fetchpriority=\"auto\">\n            <\/picture>\n        <\/div>\n        <\/div>\n      <\/div>\n    <\/div>\n  <\/div>\n<\/div>\n\n\n<\/div><\/div><\/div><\/div><\/div>","protected":false},"excerpt":{"rendered":"<p>LANGLI WATTWANDERUNG BEI LANGLI LANGLI \u2013 DIE UNBEWOHNTE INSEL IM WATTENMEER NATURSAFARI \u2013 DIE VERSTECKTEN TIERE IM WATTENMEER 01 LANGLI \u2013 DIE UNBEWOHNTE INSEL IM WATTENMEER Wir wandern durch den Meeresboden nach Langli, eine Insel die jetzt als Vogelreservat funktioniert. Auf diese Tour gibt es auch die M\u00f6glichkeit Seehunde zu sehen. Salzvertragende Kr\u00e4uter und sch\u00f6ne [&hellip;]<\/p>\n","protected":false},"author":13,"featured_media":0,"parent":0,"menu_order":0,"comment_status":"closed","ping_status":"closed","template":"","meta":{"_acf_changed":false,"inline_featured_image":false,"footnotes":""},"class_list":["post-6206","page","type-page","status-publish","hentry"],"acf":[],"yoast_head":"<!-- This site is optimized with the Yoast SEO plugin v27.1 - https:\/\/yoast.com\/product\/yoast-seo-wordpress\/ -->\n<title>LANGLI - NaturKulturVarde<\/title>\n<meta name=\"robots\" content=\"index, follow, max-snippet:-1, max-image-preview:large, max-video-preview:-1\" \/>\n<link rel=\"canonical\" href=\"https:\/\/naturkulturvarde.dk\/de\/langli\/\" \/>\n<meta property=\"og:locale\" content=\"de_DE\" \/>\n<meta property=\"og:type\" content=\"article\" \/>\n<meta property=\"og:title\" content=\"LANGLI - NaturKulturVarde\" \/>\n<meta property=\"og:description\" content=\"LANGLI WATTWANDERUNG BEI LANGLI LANGLI \u2013 DIE UNBEWOHNTE INSEL IM WATTENMEER NATURSAFARI \u2013 DIE VERSTECKTEN TIERE IM WATTENMEER 01 LANGLI \u2013 DIE UNBEWOHNTE INSEL IM WATTENMEER Wir wandern durch den Meeresboden nach Langli, eine Insel die jetzt als Vogelreservat funktioniert. Auf diese Tour gibt es auch die M\u00f6glichkeit Seehunde zu sehen. Salzvertragende Kr\u00e4uter und sch\u00f6ne [&hellip;]\" \/>\n<meta property=\"og:url\" content=\"https:\/\/naturkulturvarde.dk\/de\/langli\/\" \/>\n<meta property=\"og:site_name\" content=\"NaturKulturVarde\" \/>\n<meta property=\"article:publisher\" content=\"https:\/\/www.facebook.com\/naturkulturvarde\/\" \/>\n<meta property=\"article:modified_time\" content=\"2024-07-11T08:05:09+00:00\" \/>\n<meta name=\"twitter:card\" content=\"summary_large_image\" \/>\n<meta name=\"twitter:label1\" content=\"Gesch\u00e4tzte Lesezeit\" \/>\n\t<meta name=\"twitter:data1\" content=\"2\u00a0Minuten\" \/>\n<script type=\"application\/ld+json\" class=\"yoast-schema-graph\">{\"@context\":\"https:\/\/schema.org\",\"@graph\":[{\"@type\":\"WebPage\",\"@id\":\"https:\/\/naturkulturvarde.dk\/de\/langli\/\",\"url\":\"https:\/\/naturkulturvarde.dk\/de\/langli\/\",\"name\":\"LANGLI - NaturKulturVarde\",\"isPartOf\":{\"@id\":\"https:\/\/naturkulturvarde.dk\/#website\"},\"datePublished\":\"2024-06-12T07:14:08+00:00\",\"dateModified\":\"2024-07-11T08:05:09+00:00\",\"breadcrumb\":{\"@id\":\"https:\/\/naturkulturvarde.dk\/de\/langli\/#breadcrumb\"},\"inLanguage\":\"de\",\"potentialAction\":[{\"@type\":\"ReadAction\",\"target\":[\"https:\/\/naturkulturvarde.dk\/de\/langli\/\"]}]},{\"@type\":\"BreadcrumbList\",\"@id\":\"https:\/\/naturkulturvarde.dk\/de\/langli\/#breadcrumb\",\"itemListElement\":[{\"@type\":\"ListItem\",\"position\":1,\"name\":\"Hjem\",\"item\":\"https:\/\/naturkulturvarde.dk\/de\/\"},{\"@type\":\"ListItem\",\"position\":2,\"name\":\"LANGLI\"}]},{\"@type\":\"WebSite\",\"@id\":\"https:\/\/naturkulturvarde.dk\/#website\",\"url\":\"https:\/\/naturkulturvarde.dk\/\",\"name\":\"NaturKulturVarde\",\"description\":\"Aktivitet, l\u00e6ring og oplevelse\",\"publisher\":{\"@id\":\"https:\/\/naturkulturvarde.dk\/#organization\"},\"potentialAction\":[{\"@type\":\"SearchAction\",\"target\":{\"@type\":\"EntryPoint\",\"urlTemplate\":\"https:\/\/naturkulturvarde.dk\/?s={search_term_string}\"},\"query-input\":{\"@type\":\"PropertyValueSpecification\",\"valueRequired\":true,\"valueName\":\"search_term_string\"}}],\"inLanguage\":\"de\"},{\"@type\":\"Organization\",\"@id\":\"https:\/\/naturkulturvarde.dk\/#organization\",\"name\":\"NaturKulturVarde\",\"url\":\"https:\/\/naturkulturvarde.dk\/\",\"logo\":{\"@type\":\"ImageObject\",\"inLanguage\":\"de\",\"@id\":\"https:\/\/naturkulturvarde.dk\/#\/schema\/logo\/image\/\",\"url\":\"\",\"contentUrl\":\"\",\"caption\":\"NaturKulturVarde\"},\"image\":{\"@id\":\"https:\/\/naturkulturvarde.dk\/#\/schema\/logo\/image\/\"},\"sameAs\":[\"https:\/\/www.facebook.com\/naturkulturvarde\/\",\"https:\/\/www.instagram.com\/naturkulturvarde\/\",\"https:\/\/www.linkedin.com\/company\/natur-kultur-varde\/\"]}]}<\/script>\n<!-- \/ Yoast SEO plugin. -->","yoast_head_json":{"title":"LANGLI - NaturKulturVarde","robots":{"index":"index","follow":"follow","max-snippet":"max-snippet:-1","max-image-preview":"max-image-preview:large","max-video-preview":"max-video-preview:-1"},"canonical":"https:\/\/naturkulturvarde.dk\/de\/langli\/","og_locale":"de_DE","og_type":"article","og_title":"LANGLI - NaturKulturVarde","og_description":"LANGLI WATTWANDERUNG BEI LANGLI LANGLI \u2013 DIE UNBEWOHNTE INSEL IM WATTENMEER NATURSAFARI \u2013 DIE VERSTECKTEN TIERE IM WATTENMEER 01 LANGLI \u2013 DIE UNBEWOHNTE INSEL IM WATTENMEER Wir wandern durch den Meeresboden nach Langli, eine Insel die jetzt als Vogelreservat funktioniert. Auf diese Tour gibt es auch die M\u00f6glichkeit Seehunde zu sehen. Salzvertragende Kr\u00e4uter und sch\u00f6ne [&hellip;]","og_url":"https:\/\/naturkulturvarde.dk\/de\/langli\/","og_site_name":"NaturKulturVarde","article_publisher":"https:\/\/www.facebook.com\/naturkulturvarde\/","article_modified_time":"2024-07-11T08:05:09+00:00","twitter_card":"summary_large_image","twitter_misc":{"Gesch\u00e4tzte Lesezeit":"2\u00a0Minuten"},"schema":{"@context":"https:\/\/schema.org","@graph":[{"@type":"WebPage","@id":"https:\/\/naturkulturvarde.dk\/de\/langli\/","url":"https:\/\/naturkulturvarde.dk\/de\/langli\/","name":"LANGLI - NaturKulturVarde","isPartOf":{"@id":"https:\/\/naturkulturvarde.dk\/#website"},"datePublished":"2024-06-12T07:14:08+00:00","dateModified":"2024-07-11T08:05:09+00:00","breadcrumb":{"@id":"https:\/\/naturkulturvarde.dk\/de\/langli\/#breadcrumb"},"inLanguage":"de","potentialAction":[{"@type":"ReadAction","target":["https:\/\/naturkulturvarde.dk\/de\/langli\/"]}]},{"@type":"BreadcrumbList","@id":"https:\/\/naturkulturvarde.dk\/de\/langli\/#breadcrumb","itemListElement":[{"@type":"ListItem","position":1,"name":"Hjem","item":"https:\/\/naturkulturvarde.dk\/de\/"},{"@type":"ListItem","position":2,"name":"LANGLI"}]},{"@type":"WebSite","@id":"https:\/\/naturkulturvarde.dk\/#website","url":"https:\/\/naturkulturvarde.dk\/","name":"NaturKulturVarde","description":"Aktivitet, l\u00e6ring og oplevelse","publisher":{"@id":"https:\/\/naturkulturvarde.dk\/#organization"},"potentialAction":[{"@type":"SearchAction","target":{"@type":"EntryPoint","urlTemplate":"https:\/\/naturkulturvarde.dk\/?s={search_term_string}"},"query-input":{"@type":"PropertyValueSpecification","valueRequired":true,"valueName":"search_term_string"}}],"inLanguage":"de"},{"@type":"Organization","@id":"https:\/\/naturkulturvarde.dk\/#organization","name":"NaturKulturVarde","url":"https:\/\/naturkulturvarde.dk\/","logo":{"@type":"ImageObject","inLanguage":"de","@id":"https:\/\/naturkulturvarde.dk\/#\/schema\/logo\/image\/","url":"","contentUrl":"","caption":"NaturKulturVarde"},"image":{"@id":"https:\/\/naturkulturvarde.dk\/#\/schema\/logo\/image\/"},"sameAs":["https:\/\/www.facebook.com\/naturkulturvarde\/","https:\/\/www.instagram.com\/naturkulturvarde\/","https:\/\/www.linkedin.com\/company\/natur-kultur-varde\/"]}]}},"_links":{"self":[{"href":"https:\/\/naturkulturvarde.dk\/de\/wp-json\/wp\/v2\/pages\/6206","targetHints":{"allow":["GET"]}}],"collection":[{"href":"https:\/\/naturkulturvarde.dk\/de\/wp-json\/wp\/v2\/pages"}],"about":[{"href":"https:\/\/naturkulturvarde.dk\/de\/wp-json\/wp\/v2\/types\/page"}],"author":[{"embeddable":true,"href":"https:\/\/naturkulturvarde.dk\/de\/wp-json\/wp\/v2\/users\/13"}],"replies":[{"embeddable":true,"href":"https:\/\/naturkulturvarde.dk\/de\/wp-json\/wp\/v2\/comments?post=6206"}],"version-history":[{"count":7,"href":"https:\/\/naturkulturvarde.dk\/de\/wp-json\/wp\/v2\/pages\/6206\/revisions"}],"predecessor-version":[{"id":6627,"href":"https:\/\/naturkulturvarde.dk\/de\/wp-json\/wp\/v2\/pages\/6206\/revisions\/6627"}],"wp:attachment":[{"href":"https:\/\/naturkulturvarde.dk\/de\/wp-json\/wp\/v2\/media?parent=6206"}],"curies":[{"name":"wp","href":"https:\/\/api.w.org\/{rel}","templated":true}]}}